{"id":124573,"date":"2021-03-13T20:08:14","date_gmt":"2021-03-13T19:08:14","guid":{"rendered":"https:\/\/lillahalangen.se\/about-the-farm\/"},"modified":"2024-03-28T09:59:12","modified_gmt":"2024-03-28T08:59:12","slug":"about-the-farm","status":"publish","type":"page","link":"https:\/\/lillahalangen.se\/en\/about-the-farm\/","title":{"rendered":"About the farm"},"content":{"rendered":"<p>[et_pb_section fb_built=&#8221;1&#8243; custom_padding_last_edited=&#8221;on|phone&#8221; _builder_version=&#8221;4.16&#8243; background_color=&#8221;#9abed1&#8243; background_enable_image=&#8221;off&#8221; background_position=&#8221;bottom_center&#8221; custom_padding=&#8221;0px||0px||true|false&#8221; custom_padding_tablet=&#8221;&#8221; custom_padding_phone=&#8221;&#8221; top_divider_height=&#8221;47px&#8221; top_divider_flip=&#8221;vertical&#8221; top_divider_arrangement=&#8221;above_content&#8221; bottom_divider_color=&#8221;#ffffff&#8221; bottom_divider_height=&#8221;30px&#8221; bottom_divider_arrangement=&#8221;above_content&#8221; global_colors_info=&#8221;{}&#8221;][et_pb_row column_structure=&#8221;1_2,1_2&#8243; use_custom_gutter=&#8221;on&#8221; gutter_width=&#8221;1&#8243; make_equal=&#8221;on&#8221; padding_top_bottom_link_1=&#8221;true&#8221; padding_top_bottom_link_2=&#8221;true&#8221; padding_left_right_link_1=&#8221;true&#8221; padding_left_right_link_2=&#8221;true&#8221; module_class=&#8221;et_pb_row_fullwidth&#8221; _builder_version=&#8221;4.16&#8243; width=&#8221;100%&#8221; width_tablet=&#8221;100%&#8221; width_phone=&#8221;&#8221; width_last_edited=&#8221;on|desktop&#8221; max_width=&#8221;100%&#8221; max_width_tablet=&#8221;100%&#8221; max_width_phone=&#8221;&#8221; max_width_last_edited=&#8221;on|desktop&#8221; custom_padding=&#8221;0px||0px|&#8221; make_fullwidth=&#8221;on&#8221; global_colors_info=&#8221;{}&#8221;][et_pb_column type=&#8221;1_2&#8243; _builder_version=&#8221;4.16&#8243; background_image=&#8221;https:\/\/lillahalangen.se\/wp-content\/uploads\/puff-om-garden.jpg&#8221; background_position=&#8221;top_center&#8221; custom_padding=&#8221;|||&#8221; global_colors_info=&#8221;{}&#8221; custom_padding__hover=&#8221;|||&#8221;][et_pb_divider show_divider=&#8221;off&#8221; disabled_on=&#8221;off|off|off&#8221; _builder_version=&#8221;4.16&#8243; custom_padding=&#8221;36.7%||36.7%||true|&#8221; global_colors_info=&#8221;{}&#8221;][\/et_pb_divider][\/et_pb_column][et_pb_column type=&#8221;1_2&#8243; _builder_version=&#8221;4.16&#8243; background_color=&#8221;#9abed1&#8243; background_enable_image=&#8221;off&#8221; custom_padding=&#8221;5%|5%|5%|5%|true|true&#8221; custom_padding_tablet=&#8221;11%|10%|11%|10%|true|true&#8221; custom_padding_phone=&#8221;15%|10%|15%||false|false&#8221; custom_padding_last_edited=&#8221;on|desktop&#8221; custom_css_main_element=&#8221;display: flex;||flex-direction: column;||justify-content: center;&#8221; border_color_top=&#8221;#ffffff&#8221; border_width_all_tablet=&#8221;&#8221; border_width_all_phone=&#8221;&#8221; border_width_all_last_edited=&#8221;on|tablet&#8221; border_width_top_tablet=&#8221;5px&#8221; border_width_top_phone=&#8221;&#8221; border_width_top_last_edited=&#8221;on|phone&#8221; global_colors_info=&#8221;{}&#8221; custom_padding__hover=&#8221;|||&#8221;][et_pb_text _builder_version=&#8221;4.16&#8243; _module_preset=&#8221;3306bcfa-282b-43e3-b28e-3738f4fc321b&#8221; global_colors_info=&#8221;{}&#8221;]<\/p>\n<h1>About the farm<\/h1>\n<p>The farm is situated at the edge of a forest with fields in front. If you walk 500 meters on the path towards the forest, you will pass a small tool shed and a woodshed, and then find Korinterudstj\u00e4rnet, a small lake. The path is quite steep, but it is worth the effort because when you have reached the top of the slope you are in the forest with blueberries and lingonberries and wild animals. If you are lucky you can meet an elk or a dear.<\/p>\n<p>Close to the farm there is also a bigger lake called Te\u00e5kersj\u00f6n where it is possible to go fishing if you get a fishing permit. There you find perch, pike and salmon trout.<\/p>\n<p>From Korinterudstj\u00e4rnet to Te\u00e5kersj\u00f6n runs a small creek right next to the farm.<\/p>\n<p>On the farm there are four houses. Two of them are for rent during the summer season, the Yellow cottage, and Grand ma\u00b4s house.<br \/>\nIn addition to them you will find the Big house, and the \u201cCountry store\u201d, which is situated on the other side of the little road. The \u201cstore\u201d is the oldest house on the farm and was built around 1850.[\/et_pb_text][\/et_pb_column][\/et_pb_row][\/et_pb_section][et_pb_section fb_built=&#8221;1&#8243; custom_padding_last_edited=&#8221;on|phone&#8221; _builder_version=&#8221;4.24.2&#8243; background_enable_color=&#8221;off&#8221; background_image=&#8221;https:\/\/lillahalangen.se\/wp-content\/uploads\/granskog.jpg&#8221; parallax=&#8221;on&#8221; custom_padding_tablet=&#8221;80px||80px|||&#8221; custom_padding_phone=&#8221;&#8221; top_divider_style=&#8221;wave&#8221; top_divider_color=&#8221;#9abed1&#8243; top_divider_height=&#8221;24px&#8221; top_divider_flip=&#8221;vertical&#8221; bottom_divider_color=&#8221;#9abed1&#8243; bottom_divider_height=&#8221;88px&#8221; hover_enabled=&#8221;0&#8243; background_color_phone=&#8221;#5e8016&#8243; background_last_edited=&#8221;on|phone&#8221; background_enable_color_phone=&#8221;on&#8221; background_image_tablet=&#8221;https:\/\/lillahalangen.se\/wp-content\/uploads\/granskog-mobila.jpg&#8221; background_image_phone=&#8221;https:\/\/lillahalangen.se\/wp-content\/uploads\/granskog-mobila.jpg&#8221; background_enable_image_tablet=&#8221;on&#8221; background_enable_image_phone=&#8221;on&#8221; parallax_phone=&#8221;off&#8221; background_position_phone=&#8221;bottom_center&#8221; border_width_top=&#8221;10px&#8221; border_color_top=&#8221;#9abed1&#8243; saved_tabs=&#8221;all&#8221; global_colors_info=&#8221;{}&#8221; title_text_phone=&#8221;granskog-mobila&#8221; title_text_tablet=&#8221;granskog-mobila&#8221; parallax_method=&#8221;off&#8221; sticky_enabled=&#8221;0&#8243;][et_pb_row _builder_version=&#8221;4.24.2&#8243; _module_preset=&#8221;default&#8221; custom_padding=&#8221;||0px||false|false&#8221; global_colors_info=&#8221;{}&#8221; theme_builder_area=&#8221;post_content&#8221;][et_pb_column type=&#8221;4_4&#8243; _builder_version=&#8221;4.24.2&#8243; _module_preset=&#8221;default&#8221; global_colors_info=&#8221;{}&#8221; theme_builder_area=&#8221;post_content&#8221;][et_pb_text _builder_version=&#8221;4.24.2&#8243; _module_preset=&#8221;14370855-4bd0-4a68-a1d2-7884d2c5e72a&#8221; header_2_font_size=&#8221;28px&#8221; header_3_font_size=&#8221;26px&#8221; custom_margin=&#8221;||30px||false|false&#8221; animation_direction=&#8221;bottom&#8221; global_colors_info=&#8221;{}&#8221; theme_builder_area=&#8221;post_content&#8221;]<\/p>\n<h2>Experience Dalsland<\/h2>\n<p>You find a lot of activities close to the cottage[\/et_pb_text][\/et_pb_column][\/et_pb_row][et_pb_row _builder_version=&#8221;4.24.2&#8243; _module_preset=&#8221;default&#8221; custom_padding=&#8221;0px||0px||false|false&#8221; global_colors_info=&#8221;{}&#8221; theme_builder_area=&#8221;post_content&#8221;][et_pb_column type=&#8221;4_4&#8243; _builder_version=&#8221;4.24.2&#8243; _module_preset=&#8221;default&#8221; global_colors_info=&#8221;{}&#8221; theme_builder_area=&#8221;post_content&#8221;][et_pb_text _builder_version=&#8221;4.24.2&#8243; _module_preset=&#8221;default&#8221; text_text_color=&#8221;#EBE8D9&#8243; background_layout=&#8221;dark&#8221; global_colors_info=&#8221;{}&#8221; theme_builder_area=&#8221;post_content&#8221;]<\/p>\n<ol>\n<li><a href=\"https:\/\/www.vastsverige.com\/en\/nature-experiences\/walking\/hiking-trails\/the-kroppefjall-trail\/\" target=\"_blank\" rel=\"noopener\">The Kroppefj\u00e4ll trial \u2013 hiking in a breathtaking wilderness area<\/a><\/li>\n<li><a href=\"https:\/\/dalslandscenter.se\/en\/\" target=\"_blank\" rel=\"noopener\">Dalslandscenter \u2013 here you find the tourist information office<\/a><\/li>\n<li><a href=\"https:\/\/www.dalslandsaktiviteter.se\/en\/\" target=\"_blank\" rel=\"noopener\">Dalslands activities \u2013 experiences and adventoures in the forest<\/a><\/li>\n<li><a href=\"https:\/\/www.vastsverige.com\/en\/nature-experiences\/paddling\/canoeing-in-dalsland\/\" target=\"_blank\" rel=\"noopener\">Canoeing in Dalsland<\/a><\/li>\n<li><a href=\"https:\/\/www.baldersnas.eu\" target=\"_blank\" rel=\"noopener\">Baldersn\u00e4s manor \u2013 take a promenade and have a nice dinner<\/a><\/li>\n<li><a href=\"https:\/\/ragnerud.com\" target=\"_blank\" rel=\"noopener\">Ragnerud \u2013 a nice restaurant with excellent food<\/a><\/li>\n<\/ol>\n<p>[\/et_pb_text][\/et_pb_column][\/et_pb_row][et_pb_row use_custom_gutter=&#8221;on&#8221; _builder_version=&#8221;4.16&#8243; custom_padding=&#8221;||0px||false|false&#8221; global_colors_info=&#8221;{}&#8221;][et_pb_column type=&#8221;4_4&#8243; _builder_version=&#8221;4.16&#8243; global_colors_info=&#8221;{}&#8221;][et_pb_text _builder_version=&#8221;4.16&#8243; _module_preset=&#8221;14370855-4bd0-4a68-a1d2-7884d2c5e72a&#8221; header_2_font_size=&#8221;28px&#8221; header_3_font_size=&#8221;26px&#8221; custom_margin=&#8221;||30px||false|false&#8221; animation_direction=&#8221;bottom&#8221; global_colors_info=&#8221;{}&#8221;]<\/p>\n<h2>inspiration<\/h2>\n<p>[\/et_pb_text][\/et_pb_column][\/et_pb_row][et_pb_row use_custom_gutter=&#8221;on&#8221; gutter_width=&#8221;1&#8243; disabled_on=&#8221;on|on|off&#8221; _builder_version=&#8221;4.16&#8243; custom_padding=&#8221;0px||||false|false&#8221; global_colors_info=&#8221;{}&#8221;][et_pb_column type=&#8221;4_4&#8243; _builder_version=&#8221;4.16&#8243; global_colors_info=&#8221;{}&#8221;][et_pb_gallery gallery_ids=&#8221;124535,124534,124533,124532,124531,124530,124529,124528,124527,124526,124525,124524,124725&#8243; posts_number=&#8221;12&#8243; show_title_and_caption=&#8221;off&#8221; show_pagination=&#8221;off&#8221; zoom_icon_color=&#8221;#ffffff&#8221; hover_overlay_color=&#8221;rgba(0,0,0,0.4)&#8221; disabled_on=&#8221;off|off|off&#8221; _builder_version=&#8221;4.16&#8243; custom_padding=&#8221;||||false|false&#8221; border_width_all=&#8221;1px&#8221; border_color_all=&#8221;#ffffff&#8221; global_colors_info=&#8221;{}&#8221; custom_css_gallery_item_last_edited=&#8221;off|phone&#8221;][\/et_pb_gallery][\/et_pb_column][\/et_pb_row][et_pb_row use_custom_gutter=&#8221;on&#8221; disabled_on=&#8221;off|off|on&#8221; _builder_version=&#8221;4.16&#8243; custom_padding=&#8221;0px||0px||false|false&#8221; global_colors_info=&#8221;{}&#8221;][et_pb_column type=&#8221;4_4&#8243; _builder_version=&#8221;4.16&#8243; global_colors_info=&#8221;{}&#8221;][et_pb_gallery gallery_ids=&#8221;124535,124534,124533,124532,124531,124530,124529,124528,124527,124526,124525,124524&#8243; posts_number=&#8221;12&#8243; show_title_and_caption=&#8221;off&#8221; show_pagination=&#8221;off&#8221; zoom_icon_color=&#8221;#ffffff&#8221; hover_overlay_color=&#8221;rgba(0,0,0,0.4)&#8221; disabled_on=&#8221;off|off|off&#8221; _builder_version=&#8221;4.16&#8243; border_width_all=&#8221;1px&#8221; border_color_all=&#8221;#ffffff&#8221; global_colors_info=&#8221;{}&#8221; custom_css_gallery_item_last_edited=&#8221;off|desktop&#8221;][\/et_pb_gallery][\/et_pb_column][\/et_pb_row][\/et_pb_section]<\/p>\n","protected":false},"excerpt":{"rendered":"<p>About the farm The farm is situated at the edge of a forest with fields in front. If you walk 500 meters on the path towards the forest, you will pass a small tool shed and a woodshed, and then find Korinterudstj\u00e4rnet, a small lake. The path is quite steep, but it is worth the [&hellip;]<\/p>\n","protected":false},"author":1,"featured_media":0,"parent":0,"menu_order":0,"comment_status":"closed","ping_status":"closed","template":"","meta":{"_et_pb_use_builder":"on","_et_pb_old_content":"","_et_gb_content_width":"","footnotes":""},"class_list":["post-124573","page","type-page","status-publish","hentry"],"_links":{"self":[{"href":"https:\/\/lillahalangen.se\/en\/wp-json\/wp\/v2\/pages\/124573","targetHints":{"allow":["GET"]}}],"collection":[{"href":"https:\/\/lillahalangen.se\/en\/wp-json\/wp\/v2\/pages"}],"about":[{"href":"https:\/\/lillahalangen.se\/en\/wp-json\/wp\/v2\/types\/page"}],"author":[{"embeddable":true,"href":"https:\/\/lillahalangen.se\/en\/wp-json\/wp\/v2\/users\/1"}],"replies":[{"embeddable":true,"href":"https:\/\/lillahalangen.se\/en\/wp-json\/wp\/v2\/comments?post=124573"}],"version-history":[{"count":0,"href":"https:\/\/lillahalangen.se\/en\/wp-json\/wp\/v2\/pages\/124573\/revisions"}],"wp:attachment":[{"href":"https:\/\/lillahalangen.se\/en\/wp-json\/wp\/v2\/media?parent=124573"}],"curies":[{"name":"wp","href":"https:\/\/api.w.org\/{rel}","templated":true}]}}